{"id":610,"date":"2025-08-26T14:22:49","date_gmt":"2025-08-26T14:22:49","guid":{"rendered":"https:\/\/vansolaz.com\/producto\/guia-astrofinanciera-digital-maximiza-tu-abundancia\/"},"modified":"2025-09-14T14:41:26","modified_gmt":"2025-09-14T14:41:26","slug":"guia-astrofinanciera-digital-maximiza-tu-abundancia","status":"publish","type":"product","link":"https:\/\/vansolaz.com\/en\/producto\/guia-astrofinanciera-digital-maximiza-tu-abundancia\/","title":{"rendered":"Gu\u00eda AstroFinanciera Digital: Maximiza tu Abundancia"},"content":{"rendered":"<p>Descubre c\u00f3mo unir astrolog\u00eda y finanzas para potenciar tu \u00e9xito financiero a diario.<\/p>\n","protected":false},"excerpt":{"rendered":"<p>Potencia tu \u00e9xito financiero con nuestra gu\u00eda AstroFinanciera.<\/p>\n","protected":false},"featured_media":429,"comment_status":"open","ping_status":"closed","template":"","meta":{"_acf_changed":false,"iawp_total_views":1},"marca":[64,57],"product_brand":[],"product_cat":[87,88],"product_tag":[85,107,86],"class_list":{"0":"post-610","1":"product","2":"type-product","3":"status-publish","4":"has-post-thumbnail","6":"marca-astroexito","7":"marca-vansolaz","8":"product_cat-astroenergetico-en","9":"product_cat-astrofinanciero-en","10":"product_tag-astrologia-en","11":"product_tag-crecimiento-en","12":"product_tag-finanzas-en","14":"first","15":"instock","16":"sale","17":"shipping-taxable","18":"purchasable","19":"product-type-simple"},"acf":[],"yoast_head":"<!-- This site is optimized with the Yoast SEO plugin v27.3 - https:\/\/yoast.com\/product\/yoast-seo-wordpress\/ -->\n<title>Gu\u00eda AstroFinanciera Digital: Maximiza tu Abundancia - VanSolaz<\/title>\n<meta name=\"robots\" content=\"index, follow, max-snippet:-1, max-image-preview:large, max-video-preview:-1\" \/>\n<link rel=\"canonical\" href=\"https:\/\/vansolaz.com\/en\/producto\/guia-astrofinanciera-digital-maximiza-tu-abundancia\/\" \/>\n<meta property=\"og:locale\" content=\"en_US\" \/>\n<meta property=\"og:type\" content=\"article\" \/>\n<meta property=\"og:title\" content=\"Gu\u00eda AstroFinanciera Digital: Maximiza tu Abundancia - VanSolaz\" \/>\n<meta property=\"og:description\" content=\"Potencia tu \u00e9xito financiero con nuestra gu\u00eda AstroFinanciera.\" \/>\n<meta property=\"og:url\" content=\"https:\/\/vansolaz.com\/en\/producto\/guia-astrofinanciera-digital-maximiza-tu-abundancia\/\" \/>\n<meta property=\"og:site_name\" content=\"VanSolaz\" \/>\n<meta property=\"article:modified_time\" content=\"2025-09-14T14:41:26+00:00\" \/>\n<meta name=\"twitter:card\" content=\"summary_large_image\" \/>\n<!-- \/ Yoast SEO plugin. -->","yoast_head_json":{"title":"Gu\u00eda AstroFinanciera Digital: Maximiza tu Abundancia - VanSolaz","robots":{"index":"index","follow":"follow","max-snippet":"max-snippet:-1","max-image-preview":"max-image-preview:large","max-video-preview":"max-video-preview:-1"},"canonical":"https:\/\/vansolaz.com\/en\/producto\/guia-astrofinanciera-digital-maximiza-tu-abundancia\/","og_locale":"en_US","og_type":"article","og_title":"Gu\u00eda AstroFinanciera Digital: Maximiza tu Abundancia - VanSolaz","og_description":"Potencia tu \u00e9xito financiero con nuestra gu\u00eda AstroFinanciera.","og_url":"https:\/\/vansolaz.com\/en\/producto\/guia-astrofinanciera-digital-maximiza-tu-abundancia\/","og_site_name":"VanSolaz","article_modified_time":"2025-09-14T14:41:26+00:00","twitter_card":"summary_large_image","schema":{"@context":"https:\/\/schema.org","@graph":[{"@type":"WebPage","@id":"https:\/\/vansolaz.com\/en\/producto\/guia-astrofinanciera-digital-maximiza-tu-abundancia\/","url":"https:\/\/vansolaz.com\/en\/producto\/guia-astrofinanciera-digital-maximiza-tu-abundancia\/","name":"Gu\u00eda AstroFinanciera Digital: Maximiza tu Abundancia - VanSolaz","isPartOf":{"@id":"https:\/\/vansolaz.com\/en\/#website"},"primaryImageOfPage":{"@id":"https:\/\/vansolaz.com\/en\/producto\/guia-astrofinanciera-digital-maximiza-tu-abundancia\/#primaryimage"},"image":{"@id":"https:\/\/vansolaz.com\/en\/producto\/guia-astrofinanciera-digital-maximiza-tu-abundancia\/#primaryimage"},"thumbnailUrl":"https:\/\/vansolaz.com\/wp-content\/uploads\/2025\/08\/Leonardo_Vision_XL_Disea_una_imagen_elegante_y_armoniosa_que_c_0.jpg","datePublished":"2025-08-26T14:22:49+00:00","dateModified":"2025-09-14T14:41:26+00:00","breadcrumb":{"@id":"https:\/\/vansolaz.com\/en\/producto\/guia-astrofinanciera-digital-maximiza-tu-abundancia\/#breadcrumb"},"inLanguage":"en-US","potentialAction":[{"@type":"ReadAction","target":["https:\/\/vansolaz.com\/en\/producto\/guia-astrofinanciera-digital-maximiza-tu-abundancia\/"]}]},{"@type":"ImageObject","inLanguage":"en-US","@id":"https:\/\/vansolaz.com\/en\/producto\/guia-astrofinanciera-digital-maximiza-tu-abundancia\/#primaryimage","url":"https:\/\/vansolaz.com\/wp-content\/uploads\/2025\/08\/Leonardo_Vision_XL_Disea_una_imagen_elegante_y_armoniosa_que_c_0.jpg","contentUrl":"https:\/\/vansolaz.com\/wp-content\/uploads\/2025\/08\/Leonardo_Vision_XL_Disea_una_imagen_elegante_y_armoniosa_que_c_0.jpg","width":1792,"height":1456},{"@type":"BreadcrumbList","@id":"https:\/\/vansolaz.com\/en\/producto\/guia-astrofinanciera-digital-maximiza-tu-abundancia\/#breadcrumb","itemListElement":[{"@type":"ListItem","position":1,"name":"Portada","item":"https:\/\/vansolaz.com\/en\/"},{"@type":"ListItem","position":2,"name":"Tienda","item":"https:\/\/vansolaz.com\/en\/tienda\/"},{"@type":"ListItem","position":3,"name":"Gu\u00eda AstroFinanciera Digital: Maximiza tu Abundancia"}]},{"@type":"WebSite","@id":"https:\/\/vansolaz.com\/en\/#website","url":"https:\/\/vansolaz.com\/en\/","name":"VanSolaz","description":"","potentialAction":[{"@type":"SearchAction","target":{"@type":"EntryPoint","urlTemplate":"https:\/\/vansolaz.com\/en\/?s={search_term_string}"},"query-input":{"@type":"PropertyValueSpecification","valueRequired":true,"valueName":"search_term_string"}}],"inLanguage":"en-US"}]}},"_links":{"self":[{"href":"https:\/\/vansolaz.com\/en\/wp-json\/wp\/v2\/product\/610","targetHints":{"allow":["GET"]}}],"collection":[{"href":"https:\/\/vansolaz.com\/en\/wp-json\/wp\/v2\/product"}],"about":[{"href":"https:\/\/vansolaz.com\/en\/wp-json\/wp\/v2\/types\/product"}],"replies":[{"embeddable":true,"href":"https:\/\/vansolaz.com\/en\/wp-json\/wp\/v2\/comments?post=610"}],"wp:featuredmedia":[{"embeddable":true,"href":"https:\/\/vansolaz.com\/en\/wp-json\/wp\/v2\/media\/429"}],"wp:attachment":[{"href":"https:\/\/vansolaz.com\/en\/wp-json\/wp\/v2\/media?parent=610"}],"wp:term":[{"taxonomy":"marca","embeddable":true,"href":"https:\/\/vansolaz.com\/en\/wp-json\/wp\/v2\/marca?post=610"},{"taxonomy":"product_brand","embeddable":true,"href":"https:\/\/vansolaz.com\/en\/wp-json\/wp\/v2\/product_brand?post=610"},{"taxonomy":"product_cat","embeddable":true,"href":"https:\/\/vansolaz.com\/en\/wp-json\/wp\/v2\/product_cat?post=610"},{"taxonomy":"product_tag","embeddable":true,"href":"https:\/\/vansolaz.com\/en\/wp-json\/wp\/v2\/product_tag?post=610"}],"curies":[{"name":"wp","href":"https:\/\/api.w.org\/{rel}","templated":true}]}}