{"id":608,"date":"2025-08-26T14:24:50","date_gmt":"2025-08-26T14:24:50","guid":{"rendered":"https:\/\/vansolaz.com\/producto\/viaje-energetico-al-origen-digital\/"},"modified":"2025-09-14T14:41:29","modified_gmt":"2025-09-14T14:41:29","slug":"viaje-energetico-al-origen-digital","status":"publish","type":"product","link":"https:\/\/vansolaz.com\/en\/producto\/viaje-energetico-al-origen-digital\/","title":{"rendered":"Viaje Energ\u00e9tico al Origen Digital"},"content":{"rendered":"<p>Explora tus ra\u00edces financieras y energ\u00e9ticas con nuestra gu\u00eda digital \u00fanica.<\/p>\n","protected":false},"excerpt":{"rendered":"<p>Conecta con tus ra\u00edces financieras y energ\u00e9ticas.<\/p>\n","protected":false},"featured_media":447,"comment_status":"open","ping_status":"closed","template":"","meta":{"_acf_changed":false,"iawp_total_views":1},"marca":[58,57],"product_brand":[],"product_cat":[104,105],"product_tag":[85,86,98],"class_list":{"0":"post-608","1":"product","2":"type-product","3":"status-publish","4":"has-post-thumbnail","6":"marca-astrofinanzas","7":"marca-vansolaz","8":"product_cat-conecta-con-el-ano-astrologico-en","9":"product_cat-viaje-al-origen-retreat-en","10":"product_tag-astrologia-en","11":"product_tag-finanzas-en","12":"product_tag-terapia-energetica-en","14":"first","15":"instock","16":"sale","17":"shipping-taxable","18":"purchasable","19":"product-type-simple"},"acf":[],"yoast_head":"<!-- This site is optimized with the Yoast SEO plugin v27.3 - https:\/\/yoast.com\/product\/yoast-seo-wordpress\/ -->\n<title>Viaje Energ\u00e9tico al Origen Digital - VanSolaz<\/title>\n<meta name=\"robots\" content=\"index, follow, max-snippet:-1, max-image-preview:large, max-video-preview:-1\" \/>\n<link rel=\"canonical\" href=\"https:\/\/vansolaz.com\/en\/producto\/viaje-energetico-al-origen-digital\/\" \/>\n<meta property=\"og:locale\" content=\"en_US\" \/>\n<meta property=\"og:type\" content=\"article\" \/>\n<meta property=\"og:title\" content=\"Viaje Energ\u00e9tico al Origen Digital - VanSolaz\" \/>\n<meta property=\"og:description\" content=\"Conecta con tus ra\u00edces financieras y energ\u00e9ticas.\" \/>\n<meta property=\"og:url\" content=\"https:\/\/vansolaz.com\/en\/producto\/viaje-energetico-al-origen-digital\/\" \/>\n<meta property=\"og:site_name\" content=\"VanSolaz\" \/>\n<meta property=\"article:modified_time\" content=\"2025-09-14T14:41:29+00:00\" \/>\n<meta name=\"twitter:card\" content=\"summary_large_image\" \/>\n<!-- \/ Yoast SEO plugin. -->","yoast_head_json":{"title":"Viaje Energ\u00e9tico al Origen Digital - VanSolaz","robots":{"index":"index","follow":"follow","max-snippet":"max-snippet:-1","max-image-preview":"max-image-preview:large","max-video-preview":"max-video-preview:-1"},"canonical":"https:\/\/vansolaz.com\/en\/producto\/viaje-energetico-al-origen-digital\/","og_locale":"en_US","og_type":"article","og_title":"Viaje Energ\u00e9tico al Origen Digital - VanSolaz","og_description":"Conecta con tus ra\u00edces financieras y energ\u00e9ticas.","og_url":"https:\/\/vansolaz.com\/en\/producto\/viaje-energetico-al-origen-digital\/","og_site_name":"VanSolaz","article_modified_time":"2025-09-14T14:41:29+00:00","twitter_card":"summary_large_image","schema":{"@context":"https:\/\/schema.org","@graph":[{"@type":"WebPage","@id":"https:\/\/vansolaz.com\/en\/producto\/viaje-energetico-al-origen-digital\/","url":"https:\/\/vansolaz.com\/en\/producto\/viaje-energetico-al-origen-digital\/","name":"Viaje Energ\u00e9tico al Origen Digital - VanSolaz","isPartOf":{"@id":"https:\/\/vansolaz.com\/en\/#website"},"primaryImageOfPage":{"@id":"https:\/\/vansolaz.com\/en\/producto\/viaje-energetico-al-origen-digital\/#primaryimage"},"image":{"@id":"https:\/\/vansolaz.com\/en\/producto\/viaje-energetico-al-origen-digital\/#primaryimage"},"thumbnailUrl":"https:\/\/vansolaz.com\/wp-content\/uploads\/2025\/08\/Leonardo_Vision_XL_Una_imagen_que_muestre_una_constelacin_este_0.jpg","datePublished":"2025-08-26T14:24:50+00:00","dateModified":"2025-09-14T14:41:29+00:00","breadcrumb":{"@id":"https:\/\/vansolaz.com\/en\/producto\/viaje-energetico-al-origen-digital\/#breadcrumb"},"inLanguage":"en-US","potentialAction":[{"@type":"ReadAction","target":["https:\/\/vansolaz.com\/en\/producto\/viaje-energetico-al-origen-digital\/"]}]},{"@type":"ImageObject","inLanguage":"en-US","@id":"https:\/\/vansolaz.com\/en\/producto\/viaje-energetico-al-origen-digital\/#primaryimage","url":"https:\/\/vansolaz.com\/wp-content\/uploads\/2025\/08\/Leonardo_Vision_XL_Una_imagen_que_muestre_una_constelacin_este_0.jpg","contentUrl":"https:\/\/vansolaz.com\/wp-content\/uploads\/2025\/08\/Leonardo_Vision_XL_Una_imagen_que_muestre_una_constelacin_este_0.jpg","width":1792,"height":1456},{"@type":"BreadcrumbList","@id":"https:\/\/vansolaz.com\/en\/producto\/viaje-energetico-al-origen-digital\/#breadcrumb","itemListElement":[{"@type":"ListItem","position":1,"name":"Portada","item":"https:\/\/vansolaz.com\/en\/"},{"@type":"ListItem","position":2,"name":"Tienda","item":"https:\/\/vansolaz.com\/en\/tienda\/"},{"@type":"ListItem","position":3,"name":"Viaje Energ\u00e9tico al Origen Digital"}]},{"@type":"WebSite","@id":"https:\/\/vansolaz.com\/en\/#website","url":"https:\/\/vansolaz.com\/en\/","name":"VanSolaz","description":"","potentialAction":[{"@type":"SearchAction","target":{"@type":"EntryPoint","urlTemplate":"https:\/\/vansolaz.com\/en\/?s={search_term_string}"},"query-input":{"@type":"PropertyValueSpecification","valueRequired":true,"valueName":"search_term_string"}}],"inLanguage":"en-US"}]}},"_links":{"self":[{"href":"https:\/\/vansolaz.com\/en\/wp-json\/wp\/v2\/product\/608","targetHints":{"allow":["GET"]}}],"collection":[{"href":"https:\/\/vansolaz.com\/en\/wp-json\/wp\/v2\/product"}],"about":[{"href":"https:\/\/vansolaz.com\/en\/wp-json\/wp\/v2\/types\/product"}],"replies":[{"embeddable":true,"href":"https:\/\/vansolaz.com\/en\/wp-json\/wp\/v2\/comments?post=608"}],"wp:featuredmedia":[{"embeddable":true,"href":"https:\/\/vansolaz.com\/en\/wp-json\/wp\/v2\/media\/447"}],"wp:attachment":[{"href":"https:\/\/vansolaz.com\/en\/wp-json\/wp\/v2\/media?parent=608"}],"wp:term":[{"taxonomy":"marca","embeddable":true,"href":"https:\/\/vansolaz.com\/en\/wp-json\/wp\/v2\/marca?post=608"},{"taxonomy":"product_brand","embeddable":true,"href":"https:\/\/vansolaz.com\/en\/wp-json\/wp\/v2\/product_brand?post=608"},{"taxonomy":"product_cat","embeddable":true,"href":"https:\/\/vansolaz.com\/en\/wp-json\/wp\/v2\/product_cat?post=608"},{"taxonomy":"product_tag","embeddable":true,"href":"https:\/\/vansolaz.com\/en\/wp-json\/wp\/v2\/product_tag?post=608"}],"curies":[{"name":"wp","href":"https:\/\/api.w.org\/{rel}","templated":true}]}}