{"id":604,"date":"2025-08-26T14:29:17","date_gmt":"2025-08-26T14:29:17","guid":{"rendered":"https:\/\/vansolaz.com\/producto\/guia-astrologica-para-el-exito-financiero\/"},"modified":"2025-09-14T14:43:08","modified_gmt":"2025-09-14T14:43:08","slug":"guia-astrologica-para-el-exito-financiero","status":"publish","type":"product","link":"https:\/\/vansolaz.com\/en\/producto\/guia-astrologica-para-el-exito-financiero\/","title":{"rendered":"Gu\u00eda Astrol\u00f3gica para el \u00c9xito Financiero"},"content":{"rendered":"<p>Potencia tus finanzas personales con herramientas astrol\u00f3gicas que te ayudar\u00e1n a tomar mejores decisiones.<\/p>\n","protected":false},"excerpt":{"rendered":"<p>Mejora tus finanzas personales usando astrolog\u00eda y coaching.<\/p>\n","protected":false},"featured_media":483,"comment_status":"open","ping_status":"closed","template":"","meta":{"_acf_changed":false,"iawp_total_views":1},"marca":[70,57],"product_brand":[],"product_cat":[90,91],"product_tag":[85,92,86],"class_list":{"0":"post-604","1":"product","2":"type-product","3":"status-publish","4":"has-post-thumbnail","6":"marca-energiapro","7":"marca-vansolaz","8":"product_cat-astrologico-personal-en","9":"product_cat-coaching-en","10":"product_tag-astrologia-en","11":"product_tag-coaching-en","12":"product_tag-finanzas-en","14":"first","15":"instock","16":"sale","17":"shipping-taxable","18":"purchasable","19":"product-type-simple"},"acf":[],"yoast_head":"<!-- This site is optimized with the Yoast SEO plugin v27.3 - https:\/\/yoast.com\/product\/yoast-seo-wordpress\/ -->\n<title>Gu\u00eda Astrol\u00f3gica para el \u00c9xito Financiero - VanSolaz<\/title>\n<meta name=\"robots\" content=\"index, follow, max-snippet:-1, max-image-preview:large, max-video-preview:-1\" \/>\n<link rel=\"canonical\" href=\"https:\/\/vansolaz.com\/en\/producto\/guia-astrologica-para-el-exito-financiero\/\" \/>\n<meta property=\"og:locale\" content=\"en_US\" \/>\n<meta property=\"og:type\" content=\"article\" \/>\n<meta property=\"og:title\" content=\"Gu\u00eda Astrol\u00f3gica para el \u00c9xito Financiero - VanSolaz\" \/>\n<meta property=\"og:description\" content=\"Mejora tus finanzas personales usando astrolog\u00eda y coaching.\" \/>\n<meta property=\"og:url\" content=\"https:\/\/vansolaz.com\/en\/producto\/guia-astrologica-para-el-exito-financiero\/\" \/>\n<meta property=\"og:site_name\" content=\"VanSolaz\" \/>\n<meta property=\"article:modified_time\" content=\"2025-09-14T14:43:08+00:00\" \/>\n<meta name=\"twitter:card\" content=\"summary_large_image\" \/>\n<!-- \/ Yoast SEO plugin. -->","yoast_head_json":{"title":"Gu\u00eda Astrol\u00f3gica para el \u00c9xito Financiero - VanSolaz","robots":{"index":"index","follow":"follow","max-snippet":"max-snippet:-1","max-image-preview":"max-image-preview:large","max-video-preview":"max-video-preview:-1"},"canonical":"https:\/\/vansolaz.com\/en\/producto\/guia-astrologica-para-el-exito-financiero\/","og_locale":"en_US","og_type":"article","og_title":"Gu\u00eda Astrol\u00f3gica para el \u00c9xito Financiero - VanSolaz","og_description":"Mejora tus finanzas personales usando astrolog\u00eda y coaching.","og_url":"https:\/\/vansolaz.com\/en\/producto\/guia-astrologica-para-el-exito-financiero\/","og_site_name":"VanSolaz","article_modified_time":"2025-09-14T14:43:08+00:00","twitter_card":"summary_large_image","schema":{"@context":"https:\/\/schema.org","@graph":[{"@type":"WebPage","@id":"https:\/\/vansolaz.com\/en\/producto\/guia-astrologica-para-el-exito-financiero\/","url":"https:\/\/vansolaz.com\/en\/producto\/guia-astrologica-para-el-exito-financiero\/","name":"Gu\u00eda Astrol\u00f3gica para el \u00c9xito Financiero - VanSolaz","isPartOf":{"@id":"https:\/\/vansolaz.com\/en\/#website"},"primaryImageOfPage":{"@id":"https:\/\/vansolaz.com\/en\/producto\/guia-astrologica-para-el-exito-financiero\/#primaryimage"},"image":{"@id":"https:\/\/vansolaz.com\/en\/producto\/guia-astrologica-para-el-exito-financiero\/#primaryimage"},"thumbnailUrl":"https:\/\/vansolaz.com\/wp-content\/uploads\/2025\/08\/Leonardo_Vision_XL_Una_imagen_conceptual_que_combine_elementos_0.jpg","datePublished":"2025-08-26T14:29:17+00:00","dateModified":"2025-09-14T14:43:08+00:00","breadcrumb":{"@id":"https:\/\/vansolaz.com\/en\/producto\/guia-astrologica-para-el-exito-financiero\/#breadcrumb"},"inLanguage":"en-US","potentialAction":[{"@type":"ReadAction","target":["https:\/\/vansolaz.com\/en\/producto\/guia-astrologica-para-el-exito-financiero\/"]}]},{"@type":"ImageObject","inLanguage":"en-US","@id":"https:\/\/vansolaz.com\/en\/producto\/guia-astrologica-para-el-exito-financiero\/#primaryimage","url":"https:\/\/vansolaz.com\/wp-content\/uploads\/2025\/08\/Leonardo_Vision_XL_Una_imagen_conceptual_que_combine_elementos_0.jpg","contentUrl":"https:\/\/vansolaz.com\/wp-content\/uploads\/2025\/08\/Leonardo_Vision_XL_Una_imagen_conceptual_que_combine_elementos_0.jpg","width":1792,"height":1456},{"@type":"BreadcrumbList","@id":"https:\/\/vansolaz.com\/en\/producto\/guia-astrologica-para-el-exito-financiero\/#breadcrumb","itemListElement":[{"@type":"ListItem","position":1,"name":"Portada","item":"https:\/\/vansolaz.com\/en\/"},{"@type":"ListItem","position":2,"name":"Tienda","item":"https:\/\/vansolaz.com\/en\/tienda\/"},{"@type":"ListItem","position":3,"name":"Gu\u00eda Astrol\u00f3gica para el \u00c9xito Financiero"}]},{"@type":"WebSite","@id":"https:\/\/vansolaz.com\/en\/#website","url":"https:\/\/vansolaz.com\/en\/","name":"VanSolaz","description":"","potentialAction":[{"@type":"SearchAction","target":{"@type":"EntryPoint","urlTemplate":"https:\/\/vansolaz.com\/en\/?s={search_term_string}"},"query-input":{"@type":"PropertyValueSpecification","valueRequired":true,"valueName":"search_term_string"}}],"inLanguage":"en-US"}]}},"_links":{"self":[{"href":"https:\/\/vansolaz.com\/en\/wp-json\/wp\/v2\/product\/604","targetHints":{"allow":["GET"]}}],"collection":[{"href":"https:\/\/vansolaz.com\/en\/wp-json\/wp\/v2\/product"}],"about":[{"href":"https:\/\/vansolaz.com\/en\/wp-json\/wp\/v2\/types\/product"}],"replies":[{"embeddable":true,"href":"https:\/\/vansolaz.com\/en\/wp-json\/wp\/v2\/comments?post=604"}],"wp:featuredmedia":[{"embeddable":true,"href":"https:\/\/vansolaz.com\/en\/wp-json\/wp\/v2\/media\/483"}],"wp:attachment":[{"href":"https:\/\/vansolaz.com\/en\/wp-json\/wp\/v2\/media?parent=604"}],"wp:term":[{"taxonomy":"marca","embeddable":true,"href":"https:\/\/vansolaz.com\/en\/wp-json\/wp\/v2\/marca?post=604"},{"taxonomy":"product_brand","embeddable":true,"href":"https:\/\/vansolaz.com\/en\/wp-json\/wp\/v2\/product_brand?post=604"},{"taxonomy":"product_cat","embeddable":true,"href":"https:\/\/vansolaz.com\/en\/wp-json\/wp\/v2\/product_cat?post=604"},{"taxonomy":"product_tag","embeddable":true,"href":"https:\/\/vansolaz.com\/en\/wp-json\/wp\/v2\/product_tag?post=604"}],"curies":[{"name":"wp","href":"https:\/\/api.w.org\/{rel}","templated":true}]}}