{"id":602,"date":"2025-08-26T14:31:23","date_gmt":"2025-08-26T14:31:23","guid":{"rendered":"https:\/\/vansolaz.com\/producto\/retiro-digital-ser-de-abundancia\/"},"modified":"2025-09-14T14:41:22","modified_gmt":"2025-09-14T14:41:22","slug":"retiro-digital-ser-de-abundancia","status":"publish","type":"product","link":"https:\/\/vansolaz.com\/en\/producto\/retiro-digital-ser-de-abundancia\/","title":{"rendered":"Retiro Digital SER de Abundancia"},"content":{"rendered":"<p>Con\u00e9ctate con tu abundancia interior a trav\u00e9s de astrolog\u00eda y finanzas en nuestro retiro digital.<\/p>\n","protected":false},"excerpt":{"rendered":"<p>Descubre tu potencial financiero con astrolog\u00eda y energ\u00edas.<\/p>\n","protected":false},"featured_media":501,"comment_status":"open","ping_status":"closed","template":"","meta":{"_acf_changed":false,"iawp_total_views":1},"marca":[73,57],"product_brand":[],"product_cat":[82,83],"product_tag":[84,85,86],"class_list":{"0":"post-602","1":"product","2":"type-product","3":"status-publish","4":"has-post-thumbnail","6":"marca-solaz","7":"marca-vansolaz","8":"product_cat-retiros-en","9":"product_cat-ser-abundancia-en","10":"product_tag-abundancia-en","11":"product_tag-astrologia-en","12":"product_tag-finanzas-en","14":"first","15":"instock","16":"sale","17":"shipping-taxable","18":"purchasable","19":"product-type-simple"},"acf":[],"yoast_head":"<!-- This site is optimized with the Yoast SEO plugin v27.3 - https:\/\/yoast.com\/product\/yoast-seo-wordpress\/ -->\n<title>Retiro Digital SER de Abundancia - VanSolaz<\/title>\n<meta name=\"robots\" content=\"index, follow, max-snippet:-1, max-image-preview:large, max-video-preview:-1\" \/>\n<link rel=\"canonical\" href=\"https:\/\/vansolaz.com\/en\/producto\/retiro-digital-ser-de-abundancia\/\" \/>\n<meta property=\"og:locale\" content=\"en_US\" \/>\n<meta property=\"og:type\" content=\"article\" \/>\n<meta property=\"og:title\" content=\"Retiro Digital SER de Abundancia - VanSolaz\" \/>\n<meta property=\"og:description\" content=\"Descubre tu potencial financiero con astrolog\u00eda y energ\u00edas.\" \/>\n<meta property=\"og:url\" content=\"https:\/\/vansolaz.com\/en\/producto\/retiro-digital-ser-de-abundancia\/\" \/>\n<meta property=\"og:site_name\" content=\"VanSolaz\" \/>\n<meta property=\"article:modified_time\" content=\"2025-09-14T14:41:22+00:00\" \/>\n<meta name=\"twitter:card\" content=\"summary_large_image\" \/>\n<!-- \/ Yoast SEO plugin. -->","yoast_head_json":{"title":"Retiro Digital SER de Abundancia - VanSolaz","robots":{"index":"index","follow":"follow","max-snippet":"max-snippet:-1","max-image-preview":"max-image-preview:large","max-video-preview":"max-video-preview:-1"},"canonical":"https:\/\/vansolaz.com\/en\/producto\/retiro-digital-ser-de-abundancia\/","og_locale":"en_US","og_type":"article","og_title":"Retiro Digital SER de Abundancia - VanSolaz","og_description":"Descubre tu potencial financiero con astrolog\u00eda y energ\u00edas.","og_url":"https:\/\/vansolaz.com\/en\/producto\/retiro-digital-ser-de-abundancia\/","og_site_name":"VanSolaz","article_modified_time":"2025-09-14T14:41:22+00:00","twitter_card":"summary_large_image","schema":{"@context":"https:\/\/schema.org","@graph":[{"@type":"WebPage","@id":"https:\/\/vansolaz.com\/en\/producto\/retiro-digital-ser-de-abundancia\/","url":"https:\/\/vansolaz.com\/en\/producto\/retiro-digital-ser-de-abundancia\/","name":"Retiro Digital SER de Abundancia - VanSolaz","isPartOf":{"@id":"https:\/\/vansolaz.com\/en\/#website"},"primaryImageOfPage":{"@id":"https:\/\/vansolaz.com\/en\/producto\/retiro-digital-ser-de-abundancia\/#primaryimage"},"image":{"@id":"https:\/\/vansolaz.com\/en\/producto\/retiro-digital-ser-de-abundancia\/#primaryimage"},"thumbnailUrl":"https:\/\/vansolaz.com\/wp-content\/uploads\/2025\/08\/Leonardo_Vision_XL_Una_imagen_etrea_que_combine_elementos_de_a_0.jpg","datePublished":"2025-08-26T14:31:23+00:00","dateModified":"2025-09-14T14:41:22+00:00","breadcrumb":{"@id":"https:\/\/vansolaz.com\/en\/producto\/retiro-digital-ser-de-abundancia\/#breadcrumb"},"inLanguage":"en-US","potentialAction":[{"@type":"ReadAction","target":["https:\/\/vansolaz.com\/en\/producto\/retiro-digital-ser-de-abundancia\/"]}]},{"@type":"ImageObject","inLanguage":"en-US","@id":"https:\/\/vansolaz.com\/en\/producto\/retiro-digital-ser-de-abundancia\/#primaryimage","url":"https:\/\/vansolaz.com\/wp-content\/uploads\/2025\/08\/Leonardo_Vision_XL_Una_imagen_etrea_que_combine_elementos_de_a_0.jpg","contentUrl":"https:\/\/vansolaz.com\/wp-content\/uploads\/2025\/08\/Leonardo_Vision_XL_Una_imagen_etrea_que_combine_elementos_de_a_0.jpg","width":1792,"height":1456},{"@type":"BreadcrumbList","@id":"https:\/\/vansolaz.com\/en\/producto\/retiro-digital-ser-de-abundancia\/#breadcrumb","itemListElement":[{"@type":"ListItem","position":1,"name":"Portada","item":"https:\/\/vansolaz.com\/en\/"},{"@type":"ListItem","position":2,"name":"Tienda","item":"https:\/\/vansolaz.com\/en\/tienda\/"},{"@type":"ListItem","position":3,"name":"Retiro Digital SER de Abundancia"}]},{"@type":"WebSite","@id":"https:\/\/vansolaz.com\/en\/#website","url":"https:\/\/vansolaz.com\/en\/","name":"VanSolaz","description":"","potentialAction":[{"@type":"SearchAction","target":{"@type":"EntryPoint","urlTemplate":"https:\/\/vansolaz.com\/en\/?s={search_term_string}"},"query-input":{"@type":"PropertyValueSpecification","valueRequired":true,"valueName":"search_term_string"}}],"inLanguage":"en-US"}]}},"_links":{"self":[{"href":"https:\/\/vansolaz.com\/en\/wp-json\/wp\/v2\/product\/602","targetHints":{"allow":["GET"]}}],"collection":[{"href":"https:\/\/vansolaz.com\/en\/wp-json\/wp\/v2\/product"}],"about":[{"href":"https:\/\/vansolaz.com\/en\/wp-json\/wp\/v2\/types\/product"}],"replies":[{"embeddable":true,"href":"https:\/\/vansolaz.com\/en\/wp-json\/wp\/v2\/comments?post=602"}],"wp:featuredmedia":[{"embeddable":true,"href":"https:\/\/vansolaz.com\/en\/wp-json\/wp\/v2\/media\/501"}],"wp:attachment":[{"href":"https:\/\/vansolaz.com\/en\/wp-json\/wp\/v2\/media?parent=602"}],"wp:term":[{"taxonomy":"marca","embeddable":true,"href":"https:\/\/vansolaz.com\/en\/wp-json\/wp\/v2\/marca?post=602"},{"taxonomy":"product_brand","embeddable":true,"href":"https:\/\/vansolaz.com\/en\/wp-json\/wp\/v2\/product_brand?post=602"},{"taxonomy":"product_cat","embeddable":true,"href":"https:\/\/vansolaz.com\/en\/wp-json\/wp\/v2\/product_cat?post=602"},{"taxonomy":"product_tag","embeddable":true,"href":"https:\/\/vansolaz.com\/en\/wp-json\/wp\/v2\/product_tag?post=602"}],"curies":[{"name":"wp","href":"https:\/\/api.w.org\/{rel}","templated":true}]}}