{"id":600,"date":"2025-08-26T14:33:24","date_gmt":"2025-08-26T14:33:24","guid":{"rendered":"https:\/\/vansolaz.com\/producto\/curso-revoluciona-tus-finanzas-digital\/"},"modified":"2025-09-14T14:43:21","modified_gmt":"2025-09-14T14:43:21","slug":"curso-revoluciona-tus-finanzas-digital","status":"publish","type":"product","link":"https:\/\/vansolaz.com\/en\/producto\/curso-revoluciona-tus-finanzas-digital\/","title":{"rendered":"Curso Revoluciona tus Finanzas Digital"},"content":{"rendered":"<p>Descubre c\u00f3mo mejorar tu salud financiera con t\u00e9cnicas astrol\u00f3gicas y energ\u00e9ticas.<\/p>\n","protected":false},"excerpt":{"rendered":"<p>Mejora tus finanzas con astrolog\u00eda y energ\u00eda.<\/p>\n","protected":false},"featured_media":519,"comment_status":"open","ping_status":"closed","template":"","meta":{"_acf_changed":false,"iawp_total_views":1},"marca":[75,57],"product_brand":[],"product_cat":[101,102],"product_tag":[85,103,86],"class_list":{"0":"post-600","1":"product","2":"type-product","3":"status-publish","4":"has-post-thumbnail","6":"marca-revoluciona","7":"marca-vansolaz","8":"product_cat-curso-revoluciona-tus-finanzas-en","9":"product_cat-curso-viaje-astrologico-para-no-astrologos-en","10":"product_tag-astrologia-en","11":"product_tag-desarrollo-en","12":"product_tag-finanzas-en","14":"first","15":"instock","16":"sale","17":"shipping-taxable","18":"purchasable","19":"product-type-simple"},"acf":[],"yoast_head":"<!-- This site is optimized with the Yoast SEO plugin v27.3 - https:\/\/yoast.com\/product\/yoast-seo-wordpress\/ -->\n<title>Curso Revoluciona tus Finanzas Digital - VanSolaz<\/title>\n<meta name=\"robots\" content=\"index, follow, max-snippet:-1, max-image-preview:large, max-video-preview:-1\" \/>\n<link rel=\"canonical\" href=\"https:\/\/vansolaz.com\/en\/producto\/curso-revoluciona-tus-finanzas-digital\/\" \/>\n<meta property=\"og:locale\" content=\"en_US\" \/>\n<meta property=\"og:type\" content=\"article\" \/>\n<meta property=\"og:title\" content=\"Curso Revoluciona tus Finanzas Digital - VanSolaz\" \/>\n<meta property=\"og:description\" content=\"Mejora tus finanzas con astrolog\u00eda y energ\u00eda.\" \/>\n<meta property=\"og:url\" content=\"https:\/\/vansolaz.com\/en\/producto\/curso-revoluciona-tus-finanzas-digital\/\" \/>\n<meta property=\"og:site_name\" content=\"VanSolaz\" \/>\n<meta property=\"article:modified_time\" content=\"2025-09-14T14:43:21+00:00\" \/>\n<meta name=\"twitter:card\" content=\"summary_large_image\" \/>\n<!-- \/ Yoast SEO plugin. -->","yoast_head_json":{"title":"Curso Revoluciona tus Finanzas Digital - VanSolaz","robots":{"index":"index","follow":"follow","max-snippet":"max-snippet:-1","max-image-preview":"max-image-preview:large","max-video-preview":"max-video-preview:-1"},"canonical":"https:\/\/vansolaz.com\/en\/producto\/curso-revoluciona-tus-finanzas-digital\/","og_locale":"en_US","og_type":"article","og_title":"Curso Revoluciona tus Finanzas Digital - VanSolaz","og_description":"Mejora tus finanzas con astrolog\u00eda y energ\u00eda.","og_url":"https:\/\/vansolaz.com\/en\/producto\/curso-revoluciona-tus-finanzas-digital\/","og_site_name":"VanSolaz","article_modified_time":"2025-09-14T14:43:21+00:00","twitter_card":"summary_large_image","schema":{"@context":"https:\/\/schema.org","@graph":[{"@type":"WebPage","@id":"https:\/\/vansolaz.com\/en\/producto\/curso-revoluciona-tus-finanzas-digital\/","url":"https:\/\/vansolaz.com\/en\/producto\/curso-revoluciona-tus-finanzas-digital\/","name":"Curso Revoluciona tus Finanzas Digital - VanSolaz","isPartOf":{"@id":"https:\/\/vansolaz.com\/en\/#website"},"primaryImageOfPage":{"@id":"https:\/\/vansolaz.com\/en\/producto\/curso-revoluciona-tus-finanzas-digital\/#primaryimage"},"image":{"@id":"https:\/\/vansolaz.com\/en\/producto\/curso-revoluciona-tus-finanzas-digital\/#primaryimage"},"thumbnailUrl":"https:\/\/vansolaz.com\/wp-content\/uploads\/2025\/08\/Leonardo_Vision_XL_Una_imagen_que_combine_elementos_de_astrolo_0-5.jpg","datePublished":"2025-08-26T14:33:24+00:00","dateModified":"2025-09-14T14:43:21+00:00","breadcrumb":{"@id":"https:\/\/vansolaz.com\/en\/producto\/curso-revoluciona-tus-finanzas-digital\/#breadcrumb"},"inLanguage":"en-US","potentialAction":[{"@type":"ReadAction","target":["https:\/\/vansolaz.com\/en\/producto\/curso-revoluciona-tus-finanzas-digital\/"]}]},{"@type":"ImageObject","inLanguage":"en-US","@id":"https:\/\/vansolaz.com\/en\/producto\/curso-revoluciona-tus-finanzas-digital\/#primaryimage","url":"https:\/\/vansolaz.com\/wp-content\/uploads\/2025\/08\/Leonardo_Vision_XL_Una_imagen_que_combine_elementos_de_astrolo_0-5.jpg","contentUrl":"https:\/\/vansolaz.com\/wp-content\/uploads\/2025\/08\/Leonardo_Vision_XL_Una_imagen_que_combine_elementos_de_astrolo_0-5.jpg","width":1792,"height":1456},{"@type":"BreadcrumbList","@id":"https:\/\/vansolaz.com\/en\/producto\/curso-revoluciona-tus-finanzas-digital\/#breadcrumb","itemListElement":[{"@type":"ListItem","position":1,"name":"Portada","item":"https:\/\/vansolaz.com\/en\/"},{"@type":"ListItem","position":2,"name":"Tienda","item":"https:\/\/vansolaz.com\/en\/tienda\/"},{"@type":"ListItem","position":3,"name":"Curso Revoluciona tus Finanzas Digital"}]},{"@type":"WebSite","@id":"https:\/\/vansolaz.com\/en\/#website","url":"https:\/\/vansolaz.com\/en\/","name":"VanSolaz","description":"","potentialAction":[{"@type":"SearchAction","target":{"@type":"EntryPoint","urlTemplate":"https:\/\/vansolaz.com\/en\/?s={search_term_string}"},"query-input":{"@type":"PropertyValueSpecification","valueRequired":true,"valueName":"search_term_string"}}],"inLanguage":"en-US"}]}},"_links":{"self":[{"href":"https:\/\/vansolaz.com\/en\/wp-json\/wp\/v2\/product\/600","targetHints":{"allow":["GET"]}}],"collection":[{"href":"https:\/\/vansolaz.com\/en\/wp-json\/wp\/v2\/product"}],"about":[{"href":"https:\/\/vansolaz.com\/en\/wp-json\/wp\/v2\/types\/product"}],"replies":[{"embeddable":true,"href":"https:\/\/vansolaz.com\/en\/wp-json\/wp\/v2\/comments?post=600"}],"wp:featuredmedia":[{"embeddable":true,"href":"https:\/\/vansolaz.com\/en\/wp-json\/wp\/v2\/media\/519"}],"wp:attachment":[{"href":"https:\/\/vansolaz.com\/en\/wp-json\/wp\/v2\/media?parent=600"}],"wp:term":[{"taxonomy":"marca","embeddable":true,"href":"https:\/\/vansolaz.com\/en\/wp-json\/wp\/v2\/marca?post=600"},{"taxonomy":"product_brand","embeddable":true,"href":"https:\/\/vansolaz.com\/en\/wp-json\/wp\/v2\/product_brand?post=600"},{"taxonomy":"product_cat","embeddable":true,"href":"https:\/\/vansolaz.com\/en\/wp-json\/wp\/v2\/product_cat?post=600"},{"taxonomy":"product_tag","embeddable":true,"href":"https:\/\/vansolaz.com\/en\/wp-json\/wp\/v2\/product_tag?post=600"}],"curies":[{"name":"wp","href":"https:\/\/api.w.org\/{rel}","templated":true}]}}