{"id":598,"date":"2025-08-26T14:35:28","date_gmt":"2025-08-26T14:35:28","guid":{"rendered":"https:\/\/vansolaz.com\/producto\/carta-natal-digital-autodescubrimiento-y-finanzas\/"},"modified":"2025-09-29T09:31:20","modified_gmt":"2025-09-29T09:31:20","slug":"carta-natal-digital-autodescubrimiento-y-finanzas","status":"publish","type":"product","link":"https:\/\/vansolaz.com\/en\/producto\/carta-natal-digital-autodescubrimiento-y-finanzas\/","title":{"rendered":"En vivo conmigo"},"content":{"rendered":"<p>En una sesi\u00f3n en vivo conmigo analizamos tu a\u00f1o financiero con detalle.<br \/>\nResolver\u00e1s dudas en directo, descubrir\u00e1s tus puntos fuertes y te llevar\u00e1s<br \/>\nun plan claro para aprovechar las oportunidades y transformar tu relaci\u00f3n<br \/>\ncon el dinero en los pr\u00f3ximos 12 meses.<\/p>\n","protected":false},"excerpt":{"rendered":"<p>Descubre tu poder financiero con nuestra carta natal<\/p>\n","protected":false},"featured_media":771,"comment_status":"open","ping_status":"closed","template":"","meta":{"_acf_changed":false,"iawp_total_views":0},"marca":[58,57],"product_brand":[],"product_cat":[96],"product_tag":[85,86,98],"class_list":{"0":"post-598","1":"product","2":"type-product","3":"status-publish","4":"has-post-thumbnail","6":"marca-astrofinanzas","7":"marca-vansolaz","8":"product_cat-carta-natal-personal-en","9":"product_tag-astrologia-en","10":"product_tag-finanzas-en","11":"product_tag-terapia-energetica-en","13":"first","14":"instock","15":"virtual","16":"purchasable","17":"product-type-simple"},"acf":[],"yoast_head":"<!-- This site is optimized with the Yoast SEO plugin v27.3 - https:\/\/yoast.com\/product\/yoast-seo-wordpress\/ -->\n<title>En vivo conmigo - VanSolaz<\/title>\n<meta name=\"robots\" content=\"index, follow, max-snippet:-1, max-image-preview:large, max-video-preview:-1\" \/>\n<link rel=\"canonical\" href=\"https:\/\/vansolaz.com\/en\/producto\/carta-natal-digital-autodescubrimiento-y-finanzas\/\" \/>\n<meta property=\"og:locale\" content=\"en_US\" \/>\n<meta property=\"og:type\" content=\"article\" \/>\n<meta property=\"og:title\" content=\"En vivo conmigo - VanSolaz\" \/>\n<meta property=\"og:description\" content=\"Descubre tu poder financiero con nuestra carta natal\" \/>\n<meta property=\"og:url\" content=\"https:\/\/vansolaz.com\/en\/producto\/carta-natal-digital-autodescubrimiento-y-finanzas\/\" \/>\n<meta property=\"og:site_name\" content=\"VanSolaz\" \/>\n<meta property=\"article:modified_time\" content=\"2025-09-29T09:31:20+00:00\" \/>\n<meta property=\"og:image\" content=\"https:\/\/vansolaz.com\/wp-content\/uploads\/2025\/09\/admin-ajax-4.png\" \/>\n\t<meta property=\"og:image:width\" content=\"401\" \/>\n\t<meta property=\"og:image:height\" content=\"600\" \/>\n\t<meta property=\"og:image:type\" content=\"image\/png\" \/>\n<meta name=\"twitter:card\" content=\"summary_large_image\" \/>\n<!-- \/ Yoast SEO plugin. -->","yoast_head_json":{"title":"En vivo conmigo - VanSolaz","robots":{"index":"index","follow":"follow","max-snippet":"max-snippet:-1","max-image-preview":"max-image-preview:large","max-video-preview":"max-video-preview:-1"},"canonical":"https:\/\/vansolaz.com\/en\/producto\/carta-natal-digital-autodescubrimiento-y-finanzas\/","og_locale":"en_US","og_type":"article","og_title":"En vivo conmigo - VanSolaz","og_description":"Descubre tu poder financiero con nuestra carta natal","og_url":"https:\/\/vansolaz.com\/en\/producto\/carta-natal-digital-autodescubrimiento-y-finanzas\/","og_site_name":"VanSolaz","article_modified_time":"2025-09-29T09:31:20+00:00","og_image":[{"width":401,"height":600,"url":"https:\/\/vansolaz.com\/wp-content\/uploads\/2025\/09\/admin-ajax-4.png","type":"image\/png"}],"twitter_card":"summary_large_image","schema":{"@context":"https:\/\/schema.org","@graph":[{"@type":"WebPage","@id":"https:\/\/vansolaz.com\/en\/producto\/carta-natal-digital-autodescubrimiento-y-finanzas\/","url":"https:\/\/vansolaz.com\/en\/producto\/carta-natal-digital-autodescubrimiento-y-finanzas\/","name":"En vivo conmigo - VanSolaz","isPartOf":{"@id":"https:\/\/vansolaz.com\/en\/#website"},"primaryImageOfPage":{"@id":"https:\/\/vansolaz.com\/en\/producto\/carta-natal-digital-autodescubrimiento-y-finanzas\/#primaryimage"},"image":{"@id":"https:\/\/vansolaz.com\/en\/producto\/carta-natal-digital-autodescubrimiento-y-finanzas\/#primaryimage"},"thumbnailUrl":"https:\/\/vansolaz.com\/wp-content\/uploads\/2025\/09\/admin-ajax-4.png","datePublished":"2025-08-26T14:35:28+00:00","dateModified":"2025-09-29T09:31:20+00:00","breadcrumb":{"@id":"https:\/\/vansolaz.com\/en\/producto\/carta-natal-digital-autodescubrimiento-y-finanzas\/#breadcrumb"},"inLanguage":"en-US","potentialAction":[{"@type":"ReadAction","target":["https:\/\/vansolaz.com\/en\/producto\/carta-natal-digital-autodescubrimiento-y-finanzas\/"]}]},{"@type":"ImageObject","inLanguage":"en-US","@id":"https:\/\/vansolaz.com\/en\/producto\/carta-natal-digital-autodescubrimiento-y-finanzas\/#primaryimage","url":"https:\/\/vansolaz.com\/wp-content\/uploads\/2025\/09\/admin-ajax-4.png","contentUrl":"https:\/\/vansolaz.com\/wp-content\/uploads\/2025\/09\/admin-ajax-4.png","width":401,"height":600},{"@type":"BreadcrumbList","@id":"https:\/\/vansolaz.com\/en\/producto\/carta-natal-digital-autodescubrimiento-y-finanzas\/#breadcrumb","itemListElement":[{"@type":"ListItem","position":1,"name":"Portada","item":"https:\/\/vansolaz.com\/en\/"},{"@type":"ListItem","position":2,"name":"Tienda","item":"https:\/\/vansolaz.com\/en\/tienda\/"},{"@type":"ListItem","position":3,"name":"En vivo conmigo"}]},{"@type":"WebSite","@id":"https:\/\/vansolaz.com\/en\/#website","url":"https:\/\/vansolaz.com\/en\/","name":"VanSolaz","description":"","potentialAction":[{"@type":"SearchAction","target":{"@type":"EntryPoint","urlTemplate":"https:\/\/vansolaz.com\/en\/?s={search_term_string}"},"query-input":{"@type":"PropertyValueSpecification","valueRequired":true,"valueName":"search_term_string"}}],"inLanguage":"en-US"}]}},"_links":{"self":[{"href":"https:\/\/vansolaz.com\/en\/wp-json\/wp\/v2\/product\/598","targetHints":{"allow":["GET"]}}],"collection":[{"href":"https:\/\/vansolaz.com\/en\/wp-json\/wp\/v2\/product"}],"about":[{"href":"https:\/\/vansolaz.com\/en\/wp-json\/wp\/v2\/types\/product"}],"replies":[{"embeddable":true,"href":"https:\/\/vansolaz.com\/en\/wp-json\/wp\/v2\/comments?post=598"}],"wp:featuredmedia":[{"embeddable":true,"href":"https:\/\/vansolaz.com\/en\/wp-json\/wp\/v2\/media\/771"}],"wp:attachment":[{"href":"https:\/\/vansolaz.com\/en\/wp-json\/wp\/v2\/media?parent=598"}],"wp:term":[{"taxonomy":"marca","embeddable":true,"href":"https:\/\/vansolaz.com\/en\/wp-json\/wp\/v2\/marca?post=598"},{"taxonomy":"product_brand","embeddable":true,"href":"https:\/\/vansolaz.com\/en\/wp-json\/wp\/v2\/product_brand?post=598"},{"taxonomy":"product_cat","embeddable":true,"href":"https:\/\/vansolaz.com\/en\/wp-json\/wp\/v2\/product_cat?post=598"},{"taxonomy":"product_tag","embeddable":true,"href":"https:\/\/vansolaz.com\/en\/wp-json\/wp\/v2\/product_tag?post=598"}],"curies":[{"name":"wp","href":"https:\/\/api.w.org\/{rel}","templated":true}]}}