{"id":594,"date":"2025-08-26T14:39:29","date_gmt":"2025-08-26T14:39:29","guid":{"rendered":"https:\/\/vansolaz.com\/producto\/retiro-digital-ser-abundancia-2\/"},"modified":"2025-09-29T17:03:35","modified_gmt":"2025-09-29T17:03:35","slug":"retiro-digital-ser-abundancia-2","status":"publish","type":"product","link":"https:\/\/vansolaz.com\/en\/producto\/retiro-digital-ser-abundancia-2\/","title":{"rendered":"Coaching financiero"},"content":{"rendered":"<p>El coaching es un acompa\u00f1amiento puntual y enfocado en un objetivo<br \/>\nconcreto. A trav\u00e9s de un proceso de 4 sesiones individuales, trabajamos<br \/>\ndirectamente aquello que hoy est\u00e1 bloqueando tu crecimiento financiero o<br \/>\nenerg\u00e9tico: puede ser el merecimiento, la planificaci\u00f3n del ahorro, una<br \/>\ndecisi\u00f3n de inversi\u00f3n o cualquier reto que necesites resolver de forma<br \/>\ninmediata.<\/p>\n","protected":false},"excerpt":{"rendered":"<p>Este servicio es ideal si quieres una gu\u00eda pr\u00e1ctica, r\u00e1pida y personalizada<br \/>\npara desbloquear un \u00e1rea espec\u00edfica de tu relaci\u00f3n con el dinero.<\/p>\n<p>A diferencia de Revoluciona tus Finanzas \u2014que es un programa profundo y<br \/>\ncompleto para integrar una nueva conciencia econ\u00f3mica\u2014 el coaching te<br \/>\nofrece un acompa\u00f1amiento directo y preciso para necesidades muy<br \/>\nconcretas.<\/p>\n","protected":false},"featured_media":809,"comment_status":"open","ping_status":"closed","template":"","meta":{"_acf_changed":false,"iawp_total_views":1},"marca":[80,57],"product_brand":[],"product_cat":[91],"product_tag":[84,85,86],"class_list":{"0":"post-594","1":"product","2":"type-product","3":"status-publish","4":"has-post-thumbnail","6":"marca-energiaser","7":"marca-vansolaz","8":"product_cat-coaching-en","9":"product_tag-abundancia-en","10":"product_tag-astrologia-en","11":"product_tag-finanzas-en","13":"first","14":"instock","15":"virtual","16":"purchasable","17":"product-type-simple"},"acf":[],"yoast_head":"<!-- This site is optimized with the Yoast SEO plugin v27.3 - https:\/\/yoast.com\/product\/yoast-seo-wordpress\/ -->\n<title>Coaching financiero - VanSolaz<\/title>\n<meta name=\"robots\" content=\"index, follow, max-snippet:-1, max-image-preview:large, max-video-preview:-1\" \/>\n<link rel=\"canonical\" href=\"https:\/\/vansolaz.com\/en\/producto\/retiro-digital-ser-abundancia-2\/\" \/>\n<meta property=\"og:locale\" content=\"en_US\" \/>\n<meta property=\"og:type\" content=\"article\" \/>\n<meta property=\"og:title\" content=\"Coaching financiero - VanSolaz\" \/>\n<meta property=\"og:description\" content=\"Este servicio es ideal si quieres una gu\u00eda pr\u00e1ctica, r\u00e1pida y personalizada para desbloquear un \u00e1rea espec\u00edfica de tu relaci\u00f3n con el dinero.  A diferencia de Revoluciona tus Finanzas \u2014que es un programa profundo y completo para integrar una nueva conciencia econ\u00f3mica\u2014 el coaching te ofrece un acompa\u00f1amiento directo y preciso para necesidades muy concretas.\" \/>\n<meta property=\"og:url\" content=\"https:\/\/vansolaz.com\/en\/producto\/retiro-digital-ser-abundancia-2\/\" \/>\n<meta property=\"og:site_name\" content=\"VanSolaz\" \/>\n<meta property=\"article:modified_time\" content=\"2025-09-29T17:03:35+00:00\" \/>\n<meta property=\"og:image\" content=\"https:\/\/vansolaz.com\/wp-content\/uploads\/2025\/08\/admin-ajax-6.png\" \/>\n\t<meta property=\"og:image:width\" content=\"400\" \/>\n\t<meta property=\"og:image:height\" content=\"600\" \/>\n\t<meta property=\"og:image:type\" content=\"image\/png\" \/>\n<meta name=\"twitter:card\" content=\"summary_large_image\" \/>\n<meta name=\"twitter:label1\" content=\"Est. reading time\" \/>\n\t<meta name=\"twitter:data1\" content=\"1 minute\" \/>\n<!-- \/ Yoast SEO plugin. -->","yoast_head_json":{"title":"Coaching financiero - VanSolaz","robots":{"index":"index","follow":"follow","max-snippet":"max-snippet:-1","max-image-preview":"max-image-preview:large","max-video-preview":"max-video-preview:-1"},"canonical":"https:\/\/vansolaz.com\/en\/producto\/retiro-digital-ser-abundancia-2\/","og_locale":"en_US","og_type":"article","og_title":"Coaching financiero - VanSolaz","og_description":"Este servicio es ideal si quieres una gu\u00eda pr\u00e1ctica, r\u00e1pida y personalizada para desbloquear un \u00e1rea espec\u00edfica de tu relaci\u00f3n con el dinero.  A diferencia de Revoluciona tus Finanzas \u2014que es un programa profundo y completo para integrar una nueva conciencia econ\u00f3mica\u2014 el coaching te ofrece un acompa\u00f1amiento directo y preciso para necesidades muy concretas.","og_url":"https:\/\/vansolaz.com\/en\/producto\/retiro-digital-ser-abundancia-2\/","og_site_name":"VanSolaz","article_modified_time":"2025-09-29T17:03:35+00:00","og_image":[{"width":400,"height":600,"url":"https:\/\/vansolaz.com\/wp-content\/uploads\/2025\/08\/admin-ajax-6.png","type":"image\/png"}],"twitter_card":"summary_large_image","twitter_misc":{"Est. reading time":"1 minute"},"schema":{"@context":"https:\/\/schema.org","@graph":[{"@type":"WebPage","@id":"https:\/\/vansolaz.com\/en\/producto\/retiro-digital-ser-abundancia-2\/","url":"https:\/\/vansolaz.com\/en\/producto\/retiro-digital-ser-abundancia-2\/","name":"Coaching financiero - VanSolaz","isPartOf":{"@id":"https:\/\/vansolaz.com\/en\/#website"},"primaryImageOfPage":{"@id":"https:\/\/vansolaz.com\/en\/producto\/retiro-digital-ser-abundancia-2\/#primaryimage"},"image":{"@id":"https:\/\/vansolaz.com\/en\/producto\/retiro-digital-ser-abundancia-2\/#primaryimage"},"thumbnailUrl":"https:\/\/vansolaz.com\/wp-content\/uploads\/2025\/08\/admin-ajax-6.png","datePublished":"2025-08-26T14:39:29+00:00","dateModified":"2025-09-29T17:03:35+00:00","breadcrumb":{"@id":"https:\/\/vansolaz.com\/en\/producto\/retiro-digital-ser-abundancia-2\/#breadcrumb"},"inLanguage":"en-US","potentialAction":[{"@type":"ReadAction","target":["https:\/\/vansolaz.com\/en\/producto\/retiro-digital-ser-abundancia-2\/"]}]},{"@type":"ImageObject","inLanguage":"en-US","@id":"https:\/\/vansolaz.com\/en\/producto\/retiro-digital-ser-abundancia-2\/#primaryimage","url":"https:\/\/vansolaz.com\/wp-content\/uploads\/2025\/08\/admin-ajax-6.png","contentUrl":"https:\/\/vansolaz.com\/wp-content\/uploads\/2025\/08\/admin-ajax-6.png","width":400,"height":600},{"@type":"BreadcrumbList","@id":"https:\/\/vansolaz.com\/en\/producto\/retiro-digital-ser-abundancia-2\/#breadcrumb","itemListElement":[{"@type":"ListItem","position":1,"name":"Portada","item":"https:\/\/vansolaz.com\/en\/"},{"@type":"ListItem","position":2,"name":"Tienda","item":"https:\/\/vansolaz.com\/en\/tienda\/"},{"@type":"ListItem","position":3,"name":"Coaching financiero"}]},{"@type":"WebSite","@id":"https:\/\/vansolaz.com\/en\/#website","url":"https:\/\/vansolaz.com\/en\/","name":"VanSolaz","description":"","potentialAction":[{"@type":"SearchAction","target":{"@type":"EntryPoint","urlTemplate":"https:\/\/vansolaz.com\/en\/?s={search_term_string}"},"query-input":{"@type":"PropertyValueSpecification","valueRequired":true,"valueName":"search_term_string"}}],"inLanguage":"en-US"}]}},"_links":{"self":[{"href":"https:\/\/vansolaz.com\/en\/wp-json\/wp\/v2\/product\/594","targetHints":{"allow":["GET"]}}],"collection":[{"href":"https:\/\/vansolaz.com\/en\/wp-json\/wp\/v2\/product"}],"about":[{"href":"https:\/\/vansolaz.com\/en\/wp-json\/wp\/v2\/types\/product"}],"replies":[{"embeddable":true,"href":"https:\/\/vansolaz.com\/en\/wp-json\/wp\/v2\/comments?post=594"}],"wp:featuredmedia":[{"embeddable":true,"href":"https:\/\/vansolaz.com\/en\/wp-json\/wp\/v2\/media\/809"}],"wp:attachment":[{"href":"https:\/\/vansolaz.com\/en\/wp-json\/wp\/v2\/media?parent=594"}],"wp:term":[{"taxonomy":"marca","embeddable":true,"href":"https:\/\/vansolaz.com\/en\/wp-json\/wp\/v2\/marca?post=594"},{"taxonomy":"product_brand","embeddable":true,"href":"https:\/\/vansolaz.com\/en\/wp-json\/wp\/v2\/product_brand?post=594"},{"taxonomy":"product_cat","embeddable":true,"href":"https:\/\/vansolaz.com\/en\/wp-json\/wp\/v2\/product_cat?post=594"},{"taxonomy":"product_tag","embeddable":true,"href":"https:\/\/vansolaz.com\/en\/wp-json\/wp\/v2\/product_tag?post=594"}],"curies":[{"name":"wp","href":"https:\/\/api.w.org\/{rel}","templated":true}]}}